{"id":1887,"date":"2021-07-27T12:37:41","date_gmt":"2021-07-27T12:37:41","guid":{"rendered":"https:\/\/2roues-romandie.netmanage-dev.ch\/?page_id=1887"},"modified":"2026-01-21T13:24:31","modified_gmt":"2026-01-21T13:24:31","slug":"kontakt","status":"publish","type":"page","link":"https:\/\/2roues-romandie.netmanage-dev.ch\/index.php\/de\/kontakt\/","title":{"rendered":"Kontakt"},"content":{"rendered":"\t\t<div data-elementor-type=\"wp-page\" data-elementor-id=\"1887\" class=\"elementor elementor-1887\" data-elementor-post-type=\"page\">\n\t\t\t\t\t\t<section class=\"elementor-section elementor-top-section elementor-element elementor-element-38042d3 elementor-section-boxed elementor-section-height-default elementor-section-height-default wpr-particle-no wpr-jarallax-no wpr-parallax-no wpr-sticky-section-no wpr-equal-height-no elementor-invisible\" data-id=\"38042d3\" data-element_type=\"section\" data-e-type=\"section\" data-settings=\"{&quot;animation&quot;:&quot;slideInUp&quot;}\">\n\t\t\t\t\t\t<div class=\"elementor-container elementor-column-gap-default\">\n\t\t\t\t\t<div class=\"elementor-column elementor-col-100 elementor-top-column elementor-element elementor-element-96f9bfb\" data-id=\"96f9bfb\" data-element_type=\"column\" data-e-type=\"column\">\n\t\t\t<div class=\"elementor-widget-wrap elementor-element-populated\">\n\t\t\t\t\t\t<section class=\"elementor-section elementor-inner-section elementor-element elementor-element-7d5e8a6 elementor-section-full_width elementor-section-height-default elementor-section-height-default wpr-particle-no wpr-jarallax-no wpr-parallax-no wpr-sticky-section-no wpr-equal-height-no\" data-id=\"7d5e8a6\" data-element_type=\"section\" data-e-type=\"section\">\n\t\t\t\t\t\t<div class=\"elementor-container elementor-column-gap-default\">\n\t\t\t\t\t<div class=\"elementor-column elementor-col-33 elementor-inner-column elementor-element elementor-element-f601838\" data-id=\"f601838\" data-element_type=\"column\" data-e-type=\"column\" data-settings=\"{&quot;background_background&quot;:&quot;classic&quot;}\">\n\t\t\t<div class=\"elementor-widget-wrap elementor-element-populated\">\n\t\t\t\t\t\t<div class=\"elementor-element elementor-element-0c8b1f0 elementor-widget elementor-widget-heading\" data-id=\"0c8b1f0\" data-element_type=\"widget\" data-e-type=\"widget\" data-widget_type=\"heading.default\">\n\t\t\t\t<div class=\"elementor-widget-container\">\n\t\t\t\t\t<h3 class=\"elementor-heading-title elementor-size-default\">YMECA<\/h3>\t\t\t\t<\/div>\n\t\t\t\t<\/div>\n\t\t\t\t<div class=\"elementor-element elementor-element-5e61ff4 elementor-widget elementor-widget-text-editor\" data-id=\"5e61ff4\" data-element_type=\"widget\" data-e-type=\"widget\" data-widget_type=\"text-editor.default\">\n\t\t\t\t<div class=\"elementor-widget-container\">\n\t\t\t\t\t\t\t\t\t<p>Ausbildungszentrum UPSA-VAUD<br \/>Avenue des Sciences 17<br \/>1400 Yverdon-les-Bains<\/p><p>024 423 33 33<br \/><span style=\"color: #e63329;\">mailto:formation@upsa-vaud.ch<\/span><\/p>\t\t\t\t\t\t\t\t<\/div>\n\t\t\t\t<\/div>\n\t\t\t\t<div class=\"elementor-element elementor-element-b3dd333 elementor-align-center elementor-widget elementor-widget-button\" data-id=\"b3dd333\" data-element_type=\"widget\" data-e-type=\"widget\" data-widget_type=\"button.default\">\n\t\t\t\t<div class=\"elementor-widget-container\">\n\t\t\t\t\t\t\t\t\t<div class=\"elementor-button-wrapper\">\n\t\t\t\t\t<a class=\"elementor-button elementor-button-link elementor-size-sm\" href=\"mailto:formation@2roues-romandie.netmanage-dev.ch\">\n\t\t\t\t\t\t<span class=\"elementor-button-content-wrapper\">\n\t\t\t\t\t\t\t\t\t<span class=\"elementor-button-text\"> Uns kontaktieren<\/span>\n\t\t\t\t\t<\/span>\n\t\t\t\t\t<\/a>\n\t\t\t\t<\/div>\n\t\t\t\t\t\t\t\t<\/div>\n\t\t\t\t<\/div>\n\t\t\t\t\t<\/div>\n\t\t<\/div>\n\t\t\t\t<div class=\"elementor-column elementor-col-33 elementor-inner-column elementor-element elementor-element-16183a0\" data-id=\"16183a0\" data-element_type=\"column\" data-e-type=\"column\" data-settings=\"{&quot;background_background&quot;:&quot;classic&quot;}\">\n\t\t\t<div class=\"elementor-widget-wrap elementor-element-populated\">\n\t\t\t\t\t\t<div class=\"elementor-element elementor-element-3ee8a7a elementor-widget elementor-widget-spacer\" data-id=\"3ee8a7a\" data-element_type=\"widget\" data-e-type=\"widget\" data-widget_type=\"spacer.default\">\n\t\t\t\t<div class=\"elementor-widget-container\">\n\t\t\t\t\t\t\t<div class=\"elementor-spacer\">\n\t\t\t<div class=\"elementor-spacer-inner\"><\/div>\n\t\t<\/div>\n\t\t\t\t\t\t<\/div>\n\t\t\t\t<\/div>\n\t\t\t\t\t<\/div>\n\t\t<\/div>\n\t\t\t\t<div class=\"elementor-column elementor-col-33 elementor-inner-column elementor-element elementor-element-5962721\" data-id=\"5962721\" data-element_type=\"column\" data-e-type=\"column\" data-settings=\"{&quot;background_background&quot;:&quot;classic&quot;}\">\n\t\t\t<div class=\"elementor-widget-wrap elementor-element-populated\">\n\t\t\t\t\t\t<div class=\"elementor-element elementor-element-64aa7a2 elementor-widget elementor-widget-google_maps\" data-id=\"64aa7a2\" data-element_type=\"widget\" data-e-type=\"widget\" data-widget_type=\"google_maps.default\">\n\t\t\t\t<div class=\"elementor-widget-container\">\n\t\t\t\t\t\t\t<div class=\"elementor-custom-embed\">\n\t\t\t<iframe loading=\"lazy\"\n\t\t\t\t\tsrc=\"https:\/\/maps.google.com\/maps?q=Avenue%20des%20Sciences%2017%2C%201400%20Yverdon-les-bains&#038;t=m&#038;z=14&#038;output=embed&#038;iwloc=near\"\n\t\t\t\t\ttitle=\"Avenue des Sciences 17, 1400 Yverdon-les-bains\"\n\t\t\t\t\taria-label=\"Avenue des Sciences 17, 1400 Yverdon-les-bains\"\n\t\t\t><\/iframe>\n\t\t<\/div>\n\t\t\t\t\t\t<\/div>\n\t\t\t\t<\/div>\n\t\t\t\t\t<\/div>\n\t\t<\/div>\n\t\t\t\t\t<\/div>\n\t\t<\/section>\n\t\t\t\t<div class=\"elementor-element elementor-element-b56bc18 elementor-widget elementor-widget-spacer\" data-id=\"b56bc18\" data-element_type=\"widget\" data-e-type=\"widget\" data-widget_type=\"spacer.default\">\n\t\t\t\t<div class=\"elementor-widget-container\">\n\t\t\t\t\t\t\t<div class=\"elementor-spacer\">\n\t\t\t<div class=\"elementor-spacer-inner\"><\/div>\n\t\t<\/div>\n\t\t\t\t\t\t<\/div>\n\t\t\t\t<\/div>\n\t\t\t\t<section class=\"elementor-section elementor-inner-section elementor-element elementor-element-a30df75 elementor-section-boxed elementor-section-height-default elementor-section-height-default wpr-particle-no wpr-jarallax-no wpr-parallax-no wpr-sticky-section-no wpr-equal-height-no\" data-id=\"a30df75\" data-element_type=\"section\" data-e-type=\"section\">\n\t\t\t\t\t\t<div class=\"elementor-container elementor-column-gap-default\">\n\t\t\t\t\t<div class=\"elementor-column elementor-col-33 elementor-inner-column elementor-element elementor-element-c32e663\" data-id=\"c32e663\" data-element_type=\"column\" data-e-type=\"column\" data-settings=\"{&quot;background_background&quot;:&quot;classic&quot;}\">\n\t\t\t<div class=\"elementor-widget-wrap elementor-element-populated\">\n\t\t\t\t\t\t<div class=\"elementor-element elementor-element-bb4d3db elementor-widget elementor-widget-heading\" data-id=\"bb4d3db\" data-element_type=\"widget\" data-e-type=\"widget\" data-widget_type=\"heading.default\">\n\t\t\t\t<div class=\"elementor-widget-container\">\n\t\t\t\t\t<h2 class=\"elementor-heading-title elementor-size-default\">Sekretariat<\/h2>\t\t\t\t<\/div>\n\t\t\t\t<\/div>\n\t\t\t\t<div class=\"elementor-element elementor-element-6e12b82 elementor-widget elementor-widget-text-editor\" data-id=\"6e12b82\" data-element_type=\"widget\" data-e-type=\"widget\" data-widget_type=\"text-editor.default\">\n\t\t\t\t<div class=\"elementor-widget-container\">\n\t\t\t\t\t\t\t\t\t<p>2RSSR<br \/>c\/o Freiburger Arbeitgeberverband<br \/>Rue de l&rsquo;H\u00f4pital 15<br \/>Postfach 592<br \/>1701 Freiburg<\/p><p><a href=\"http:\/\/&lt;a href=&quot;tel:0041263503300&quot;&gt;026 350 33 00&lt;\/a&gt;\" data-wplink-url-error=\"true\">026 350 33 00<\/a><br \/><span style=\"color: #ff0000;\"><a style=\"color: #ff0000;\" href=\"mailto:info@2roues-romandies.ch\">info@2roues-romandie.netmanage-dev.ch<\/a><\/span><\/p>\t\t\t\t\t\t\t\t<\/div>\n\t\t\t\t<\/div>\n\t\t\t\t<div class=\"elementor-element elementor-element-4f4c9b0 elementor-align-center elementor-widget elementor-widget-button\" data-id=\"4f4c9b0\" data-element_type=\"widget\" data-e-type=\"widget\" data-widget_type=\"button.default\">\n\t\t\t\t<div class=\"elementor-widget-container\">\n\t\t\t\t\t\t\t\t\t<div class=\"elementor-button-wrapper\">\n\t\t\t\t\t<a class=\"elementor-button elementor-button-link elementor-size-sm\" href=\"mailto:info@2roues-romandie.netmanage-dev.ch\">\n\t\t\t\t\t\t<span class=\"elementor-button-content-wrapper\">\n\t\t\t\t\t\t\t\t\t<span class=\"elementor-button-text\"> Uns kontaktieren<\/span>\n\t\t\t\t\t<\/span>\n\t\t\t\t\t<\/a>\n\t\t\t\t<\/div>\n\t\t\t\t\t\t\t\t<\/div>\n\t\t\t\t<\/div>\n\t\t\t\t\t<\/div>\n\t\t<\/div>\n\t\t\t\t<div class=\"elementor-column elementor-col-33 elementor-inner-column elementor-element elementor-element-aa9f30f\" data-id=\"aa9f30f\" data-element_type=\"column\" data-e-type=\"column\" data-settings=\"{&quot;background_background&quot;:&quot;classic&quot;}\">\n\t\t\t<div class=\"elementor-widget-wrap elementor-element-populated\">\n\t\t\t\t\t\t<div class=\"elementor-element elementor-element-12b35b0 elementor-widget elementor-widget-spacer\" data-id=\"12b35b0\" data-element_type=\"widget\" data-e-type=\"widget\" data-widget_type=\"spacer.default\">\n\t\t\t\t<div class=\"elementor-widget-container\">\n\t\t\t\t\t\t\t<div class=\"elementor-spacer\">\n\t\t\t<div class=\"elementor-spacer-inner\"><\/div>\n\t\t<\/div>\n\t\t\t\t\t\t<\/div>\n\t\t\t\t<\/div>\n\t\t\t\t\t<\/div>\n\t\t<\/div>\n\t\t\t\t<div class=\"elementor-column elementor-col-33 elementor-inner-column elementor-element elementor-element-4516230\" data-id=\"4516230\" data-element_type=\"column\" data-e-type=\"column\" data-settings=\"{&quot;background_background&quot;:&quot;classic&quot;}\">\n\t\t\t<div class=\"elementor-widget-wrap elementor-element-populated\">\n\t\t\t\t\t\t<div class=\"elementor-element elementor-element-d5c97c7 elementor-widget elementor-widget-google_maps\" data-id=\"d5c97c7\" data-element_type=\"widget\" data-e-type=\"widget\" data-widget_type=\"google_maps.default\">\n\t\t\t\t<div class=\"elementor-widget-container\">\n\t\t\t\t\t\t\t<div class=\"elementor-custom-embed\">\n\t\t\t<iframe loading=\"lazy\"\n\t\t\t\t\tsrc=\"https:\/\/maps.google.com\/maps?q=Rue%20de%20l%27H%C3%B4pital%2015%2C%201701%20Fribourg&#038;t=m&#038;z=14&#038;output=embed&#038;iwloc=near\"\n\t\t\t\t\ttitle=\"Rue de l&#039;H\u00f4pital 15, 1701 Fribourg\"\n\t\t\t\t\taria-label=\"Rue de l&#039;H\u00f4pital 15, 1701 Fribourg\"\n\t\t\t><\/iframe>\n\t\t<\/div>\n\t\t\t\t\t\t<\/div>\n\t\t\t\t<\/div>\n\t\t\t\t\t<\/div>\n\t\t<\/div>\n\t\t\t\t\t<\/div>\n\t\t<\/section>\n\t\t\t\t\t<\/div>\n\t\t<\/div>\n\t\t\t\t\t<\/div>\n\t\t<\/section>\n\t\t\t\t<\/div>\n\t\t","protected":false},"excerpt":{"rendered":"<p>YMECA Ausbildungszentrum UPSA-VAUDAvenue des Sciences 171400 Yverdon-les-Bains 024 423 33 33mailto:formation@upsa-vaud.ch Uns kontaktieren Sekretariat 2RSSRc\/o Freiburger ArbeitgeberverbandRue de l&rsquo;H\u00f4pital 15Postfach 5921701 Freiburg 026 350 33 00info@2roues-romandie.netmanage-dev.ch Uns kontaktieren<\/p>\n","protected":false},"author":6,"featured_media":0,"parent":0,"menu_order":0,"comment_status":"closed","ping_status":"closed","template":"elementor_header_footer","meta":{"footnotes":""},"class_list":["post-1887","page","type-page","status-publish","hentry"],"yoast_head":"<!-- This site is optimized with the Yoast SEO plugin v27.5 - https:\/\/yoast.com\/product\/yoast-seo-wordpress\/ -->\n<title>Kontakt - 2roues Suisse section romande<\/title>\n<meta name=\"robots\" content=\"index, follow, max-snippet:-1, max-image-preview:large, max-video-preview:-1\" \/>\n<link rel=\"canonical\" href=\"https:\/\/2roues-romandie.netmanage-dev.ch\/index.php\/de\/kontakt\/\" \/>\n<meta property=\"og:locale\" content=\"fr_FR\" \/>\n<meta property=\"og:type\" content=\"article\" \/>\n<meta property=\"og:title\" content=\"Kontakt - 2roues Suisse section romande\" \/>\n<meta property=\"og:description\" content=\"YMECA Ausbildungszentrum UPSA-VAUDAvenue des Sciences 171400 Yverdon-les-Bains 024 423 33 33mailto:formation@upsa-vaud.ch Uns kontaktieren Sekretariat 2RSSRc\/o Freiburger ArbeitgeberverbandRue de l&rsquo;H\u00f4pital 15Postfach 5921701 Freiburg 026 350 33 00info@2roues-romandie.netmanage-dev.ch Uns kontaktieren\" \/>\n<meta property=\"og:url\" content=\"https:\/\/2roues-romandie.netmanage-dev.ch\/index.php\/de\/kontakt\/\" \/>\n<meta property=\"og:site_name\" content=\"2roues Suisse section romande\" \/>\n<meta property=\"article:modified_time\" content=\"2026-01-21T13:24:31+00:00\" \/>\n<meta name=\"twitter:card\" content=\"summary_large_image\" \/>\n<meta name=\"twitter:label1\" content=\"Dur\u00e9e de lecture estim\u00e9e\" \/>\n\t<meta name=\"twitter:data1\" content=\"1 minute\" \/>\n<script type=\"application\/ld+json\" class=\"yoast-schema-graph\">{\"@context\":\"https:\\\/\\\/schema.org\",\"@graph\":[{\"@type\":\"WebPage\",\"@id\":\"https:\\\/\\\/2roues-romandie.netmanage-dev.ch\\\/index.php\\\/de\\\/kontakt\\\/\",\"url\":\"https:\\\/\\\/2roues-romandie.netmanage-dev.ch\\\/index.php\\\/de\\\/kontakt\\\/\",\"name\":\"Kontakt - 2roues Suisse section romande\",\"isPartOf\":{\"@id\":\"https:\\\/\\\/2roues-romandie.netmanage-dev.ch\\\/#website\"},\"datePublished\":\"2021-07-27T12:37:41+00:00\",\"dateModified\":\"2026-01-21T13:24:31+00:00\",\"breadcrumb\":{\"@id\":\"https:\\\/\\\/2roues-romandie.netmanage-dev.ch\\\/index.php\\\/de\\\/kontakt\\\/#breadcrumb\"},\"inLanguage\":\"fr-FR\",\"potentialAction\":[{\"@type\":\"ReadAction\",\"target\":[\"https:\\\/\\\/2roues-romandie.netmanage-dev.ch\\\/index.php\\\/de\\\/kontakt\\\/\"]}]},{\"@type\":\"BreadcrumbList\",\"@id\":\"https:\\\/\\\/2roues-romandie.netmanage-dev.ch\\\/index.php\\\/de\\\/kontakt\\\/#breadcrumb\",\"itemListElement\":[{\"@type\":\"ListItem\",\"position\":1,\"name\":\"Accueil\",\"item\":\"https:\\\/\\\/2roues-romandie.netmanage-dev.ch\\\/\"},{\"@type\":\"ListItem\",\"position\":2,\"name\":\"Kontakt\"}]},{\"@type\":\"WebSite\",\"@id\":\"https:\\\/\\\/2roues-romandie.netmanage-dev.ch\\\/#website\",\"url\":\"https:\\\/\\\/2roues-romandie.netmanage-dev.ch\\\/\",\"name\":\"2roues Suisse section romande\",\"description\":\"2roues Suisse section romande (2RSSR) est membre de l&#039;association fa\u00eeti\u00e8re 2roues Suisse. Cette derni\u00e8re s&#039;engage pour les int\u00e9r\u00eats et les besoins des commerces sp\u00e9cialis\u00e9s deux-roues et les repr\u00e9sente en politique, aupr\u00e8s des autorit\u00e9s, fournisseurs et autres organisations de la branche.\",\"publisher\":{\"@id\":\"https:\\\/\\\/2roues-romandie.netmanage-dev.ch\\\/#organization\"},\"potentialAction\":[{\"@type\":\"SearchAction\",\"target\":{\"@type\":\"EntryPoint\",\"urlTemplate\":\"https:\\\/\\\/2roues-romandie.netmanage-dev.ch\\\/?s={search_term_string}\"},\"query-input\":{\"@type\":\"PropertyValueSpecification\",\"valueRequired\":true,\"valueName\":\"search_term_string\"}}],\"inLanguage\":\"fr-FR\"},{\"@type\":\"Organization\",\"@id\":\"https:\\\/\\\/2roues-romandie.netmanage-dev.ch\\\/#organization\",\"name\":\"2roues Suisse section romande\",\"url\":\"https:\\\/\\\/2roues-romandie.netmanage-dev.ch\\\/\",\"logo\":{\"@type\":\"ImageObject\",\"inLanguage\":\"fr-FR\",\"@id\":\"https:\\\/\\\/2roues-romandie.netmanage-dev.ch\\\/#\\\/schema\\\/logo\\\/image\\\/\",\"url\":\"https:\\\/\\\/2roues-romandie.netmanage-dev.ch\\\/wp-content\\\/uploads\\\/2020\\\/11\\\/Logo_2roues_Site.png\",\"contentUrl\":\"https:\\\/\\\/2roues-romandie.netmanage-dev.ch\\\/wp-content\\\/uploads\\\/2020\\\/11\\\/Logo_2roues_Site.png\",\"width\":350,\"height\":100,\"caption\":\"2roues Suisse section romande\"},\"image\":{\"@id\":\"https:\\\/\\\/2roues-romandie.netmanage-dev.ch\\\/#\\\/schema\\\/logo\\\/image\\\/\"}}]}<\/script>\n<!-- \/ Yoast SEO plugin. -->","yoast_head_json":{"title":"Kontakt - 2roues Suisse section romande","robots":{"index":"index","follow":"follow","max-snippet":"max-snippet:-1","max-image-preview":"max-image-preview:large","max-video-preview":"max-video-preview:-1"},"canonical":"https:\/\/2roues-romandie.netmanage-dev.ch\/index.php\/de\/kontakt\/","og_locale":"fr_FR","og_type":"article","og_title":"Kontakt - 2roues Suisse section romande","og_description":"YMECA Ausbildungszentrum UPSA-VAUDAvenue des Sciences 171400 Yverdon-les-Bains 024 423 33 33mailto:formation@upsa-vaud.ch Uns kontaktieren Sekretariat 2RSSRc\/o Freiburger ArbeitgeberverbandRue de l&rsquo;H\u00f4pital 15Postfach 5921701 Freiburg 026 350 33 00info@2roues-romandie.netmanage-dev.ch Uns kontaktieren","og_url":"https:\/\/2roues-romandie.netmanage-dev.ch\/index.php\/de\/kontakt\/","og_site_name":"2roues Suisse section romande","article_modified_time":"2026-01-21T13:24:31+00:00","twitter_card":"summary_large_image","twitter_misc":{"Dur\u00e9e de lecture estim\u00e9e":"1 minute"},"schema":{"@context":"https:\/\/schema.org","@graph":[{"@type":"WebPage","@id":"https:\/\/2roues-romandie.netmanage-dev.ch\/index.php\/de\/kontakt\/","url":"https:\/\/2roues-romandie.netmanage-dev.ch\/index.php\/de\/kontakt\/","name":"Kontakt - 2roues Suisse section romande","isPartOf":{"@id":"https:\/\/2roues-romandie.netmanage-dev.ch\/#website"},"datePublished":"2021-07-27T12:37:41+00:00","dateModified":"2026-01-21T13:24:31+00:00","breadcrumb":{"@id":"https:\/\/2roues-romandie.netmanage-dev.ch\/index.php\/de\/kontakt\/#breadcrumb"},"inLanguage":"fr-FR","potentialAction":[{"@type":"ReadAction","target":["https:\/\/2roues-romandie.netmanage-dev.ch\/index.php\/de\/kontakt\/"]}]},{"@type":"BreadcrumbList","@id":"https:\/\/2roues-romandie.netmanage-dev.ch\/index.php\/de\/kontakt\/#breadcrumb","itemListElement":[{"@type":"ListItem","position":1,"name":"Accueil","item":"https:\/\/2roues-romandie.netmanage-dev.ch\/"},{"@type":"ListItem","position":2,"name":"Kontakt"}]},{"@type":"WebSite","@id":"https:\/\/2roues-romandie.netmanage-dev.ch\/#website","url":"https:\/\/2roues-romandie.netmanage-dev.ch\/","name":"2roues Suisse section romande","description":"2roues Suisse section romande (2RSSR) est membre de l&#039;association fa\u00eeti\u00e8re 2roues Suisse. Cette derni\u00e8re s&#039;engage pour les int\u00e9r\u00eats et les besoins des commerces sp\u00e9cialis\u00e9s deux-roues et les repr\u00e9sente en politique, aupr\u00e8s des autorit\u00e9s, fournisseurs et autres organisations de la branche.","publisher":{"@id":"https:\/\/2roues-romandie.netmanage-dev.ch\/#organization"},"potentialAction":[{"@type":"SearchAction","target":{"@type":"EntryPoint","urlTemplate":"https:\/\/2roues-romandie.netmanage-dev.ch\/?s={search_term_string}"},"query-input":{"@type":"PropertyValueSpecification","valueRequired":true,"valueName":"search_term_string"}}],"inLanguage":"fr-FR"},{"@type":"Organization","@id":"https:\/\/2roues-romandie.netmanage-dev.ch\/#organization","name":"2roues Suisse section romande","url":"https:\/\/2roues-romandie.netmanage-dev.ch\/","logo":{"@type":"ImageObject","inLanguage":"fr-FR","@id":"https:\/\/2roues-romandie.netmanage-dev.ch\/#\/schema\/logo\/image\/","url":"https:\/\/2roues-romandie.netmanage-dev.ch\/wp-content\/uploads\/2020\/11\/Logo_2roues_Site.png","contentUrl":"https:\/\/2roues-romandie.netmanage-dev.ch\/wp-content\/uploads\/2020\/11\/Logo_2roues_Site.png","width":350,"height":100,"caption":"2roues Suisse section romande"},"image":{"@id":"https:\/\/2roues-romandie.netmanage-dev.ch\/#\/schema\/logo\/image\/"}}]}},"_links":{"self":[{"href":"https:\/\/2roues-romandie.netmanage-dev.ch\/index.php\/wp-json\/wp\/v2\/pages\/1887","targetHints":{"allow":["GET"]}}],"collection":[{"href":"https:\/\/2roues-romandie.netmanage-dev.ch\/index.php\/wp-json\/wp\/v2\/pages"}],"about":[{"href":"https:\/\/2roues-romandie.netmanage-dev.ch\/index.php\/wp-json\/wp\/v2\/types\/page"}],"author":[{"embeddable":true,"href":"https:\/\/2roues-romandie.netmanage-dev.ch\/index.php\/wp-json\/wp\/v2\/users\/6"}],"replies":[{"embeddable":true,"href":"https:\/\/2roues-romandie.netmanage-dev.ch\/index.php\/wp-json\/wp\/v2\/comments?post=1887"}],"version-history":[{"count":106,"href":"https:\/\/2roues-romandie.netmanage-dev.ch\/index.php\/wp-json\/wp\/v2\/pages\/1887\/revisions"}],"predecessor-version":[{"id":5623,"href":"https:\/\/2roues-romandie.netmanage-dev.ch\/index.php\/wp-json\/wp\/v2\/pages\/1887\/revisions\/5623"}],"wp:attachment":[{"href":"https:\/\/2roues-romandie.netmanage-dev.ch\/index.php\/wp-json\/wp\/v2\/media?parent=1887"}],"curies":[{"name":"wp","href":"https:\/\/api.w.org\/{rel}","templated":true}]}}